{"id":18682,"date":"2023-12-05T22:26:46","date_gmt":"2023-12-06T03:26:46","guid":{"rendered":"https:\/\/pirkasshop.com.pe\/?post_type=product&#038;p=18682"},"modified":"2023-12-05T22:27:29","modified_gmt":"2023-12-06T03:27:29","slug":"amazonita","status":"publish","type":"product","link":"https:\/\/pirkasshop.com\/?product=amazonita","title":{"rendered":"AMAZONITA"},"content":{"rendered":"<p><strong>Propiedades:<\/strong><\/p>\n<p>Le permite a uno buscar en s\u00ed mismo y descubrir sus propias verdades e integridad, y moverse m\u00e1s all\u00e1 del miedo al juicio la confrontaci\u00f3n.<\/p>\n<p><strong>Medidas:<\/strong><\/p>\n<p>Referencial: 2- 3 cm<\/p>\n","protected":false},"excerpt":{"rendered":"<p>Propiedades: Le permite a uno buscar en s\u00ed mismo y descubrir sus propias verdades e integridad, y moverse m\u00e1s all\u00e1<\/p>\n","protected":false},"featured_media":18684,"comment_status":"open","ping_status":"closed","template":"","meta":[],"product_cat":[219,226],"product_tag":[],"class_list":{"0":"post-18682","1":"product","2":"type-product","3":"status-publish","4":"has-post-thumbnail","6":"product_cat-tallados","7":"product_cat-tamboreado","9":"first","10":"instock","11":"shipping-taxable","12":"purchasable","13":"product-type-simple"},"_links":{"self":[{"href":"https:\/\/pirkasshop.com\/index.php?rest_route=\/wp\/v2\/product\/18682","targetHints":{"allow":["GET"]}}],"collection":[{"href":"https:\/\/pirkasshop.com\/index.php?rest_route=\/wp\/v2\/product"}],"about":[{"href":"https:\/\/pirkasshop.com\/index.php?rest_route=\/wp\/v2\/types\/product"}],"replies":[{"embeddable":true,"href":"https:\/\/pirkasshop.com\/index.php?rest_route=%2Fwp%2Fv2%2Fcomments&post=18682"}],"version-history":[{"count":1,"href":"https:\/\/pirkasshop.com\/index.php?rest_route=\/wp\/v2\/product\/18682\/revisions"}],"predecessor-version":[{"id":18685,"href":"https:\/\/pirkasshop.com\/index.php?rest_route=\/wp\/v2\/product\/18682\/revisions\/18685"}],"wp:featuredmedia":[{"embeddable":true,"href":"https:\/\/pirkasshop.com\/index.php?rest_route=\/wp\/v2\/media\/18684"}],"wp:attachment":[{"href":"https:\/\/pirkasshop.com\/index.php?rest_route=%2Fwp%2Fv2%2Fmedia&parent=18682"}],"wp:term":[{"taxonomy":"product_cat","embeddable":true,"href":"https:\/\/pirkasshop.com\/index.php?rest_route=%2Fwp%2Fv2%2Fproduct_cat&post=18682"},{"taxonomy":"product_tag","embeddable":true,"href":"https:\/\/pirkasshop.com\/index.php?rest_route=%2Fwp%2Fv2%2Fproduct_tag&post=18682"}],"curies":[{"name":"wp","href":"https:\/\/api.w.org\/{rel}","templated":true}]}}