{"id":18662,"date":"2023-12-05T22:21:16","date_gmt":"2023-12-06T03:21:16","guid":{"rendered":"https:\/\/pirkasshop.com.pe\/?post_type=product&#038;p=18662"},"modified":"2023-12-05T22:22:10","modified_gmt":"2023-12-06T03:22:10","slug":"sodalita","status":"publish","type":"product","link":"https:\/\/pirkasshop.com\/?product=sodalita","title":{"rendered":"SODALITA"},"content":{"rendered":"<p><strong>Propiedades:<\/strong><\/p>\n<p>Est\u00e1 relacionada con la ampliaci\u00f3n de tu consciencia interior, ayud\u00e1ndote a mantener un estado de calma y recepci\u00f3n al conocimiento.<\/p>\n<p><strong>Medidas:<\/strong><\/p>\n<p>Referencial: 2- 3 cm<\/p>\n","protected":false},"excerpt":{"rendered":"<p>Propiedades: Est\u00e1 relacionada con la ampliaci\u00f3n de tu consciencia interior, ayud\u00e1ndote a mantener un estado de calma y recepci\u00f3n al<\/p>\n","protected":false},"featured_media":18664,"comment_status":"open","ping_status":"closed","template":"","meta":[],"product_cat":[219,226],"product_tag":[],"class_list":{"0":"post-18662","1":"product","2":"type-product","3":"status-publish","4":"has-post-thumbnail","6":"product_cat-tallados","7":"product_cat-tamboreado","9":"first","10":"instock","11":"shipping-taxable","12":"purchasable","13":"product-type-simple"},"_links":{"self":[{"href":"https:\/\/pirkasshop.com\/index.php?rest_route=\/wp\/v2\/product\/18662","targetHints":{"allow":["GET"]}}],"collection":[{"href":"https:\/\/pirkasshop.com\/index.php?rest_route=\/wp\/v2\/product"}],"about":[{"href":"https:\/\/pirkasshop.com\/index.php?rest_route=\/wp\/v2\/types\/product"}],"replies":[{"embeddable":true,"href":"https:\/\/pirkasshop.com\/index.php?rest_route=%2Fwp%2Fv2%2Fcomments&post=18662"}],"version-history":[{"count":1,"href":"https:\/\/pirkasshop.com\/index.php?rest_route=\/wp\/v2\/product\/18662\/revisions"}],"predecessor-version":[{"id":18665,"href":"https:\/\/pirkasshop.com\/index.php?rest_route=\/wp\/v2\/product\/18662\/revisions\/18665"}],"wp:featuredmedia":[{"embeddable":true,"href":"https:\/\/pirkasshop.com\/index.php?rest_route=\/wp\/v2\/media\/18664"}],"wp:attachment":[{"href":"https:\/\/pirkasshop.com\/index.php?rest_route=%2Fwp%2Fv2%2Fmedia&parent=18662"}],"wp:term":[{"taxonomy":"product_cat","embeddable":true,"href":"https:\/\/pirkasshop.com\/index.php?rest_route=%2Fwp%2Fv2%2Fproduct_cat&post=18662"},{"taxonomy":"product_tag","embeddable":true,"href":"https:\/\/pirkasshop.com\/index.php?rest_route=%2Fwp%2Fv2%2Fproduct_tag&post=18662"}],"curies":[{"name":"wp","href":"https:\/\/api.w.org\/{rel}","templated":true}]}}