{"id":18645,"date":"2023-12-05T22:09:36","date_gmt":"2023-12-06T03:09:36","guid":{"rendered":"https:\/\/pirkasshop.com.pe\/?post_type=product&#038;p=18645"},"modified":"2023-12-05T22:11:46","modified_gmt":"2023-12-06T03:11:46","slug":"cinabrita","status":"publish","type":"product","link":"https:\/\/pirkasshop.com\/?product=cinabrita","title":{"rendered":"CINABRITA"},"content":{"rendered":"<p><strong>Propiedades:<\/strong><\/p>\n<p>Tiene la reputaci\u00f3n de dar fuerza y coraje. Nos ayuda a enfrentarnos a situaciones dif\u00edciles. Tambi\u00e9n aumenta nuestro poder de persuasi\u00f3n.<\/p>\n<p><strong>Medidas:<\/strong><\/p>\n<p>Referencial: 2- 3 cm<\/p>\n","protected":false},"excerpt":{"rendered":"<p>Propiedades: Tiene la reputaci\u00f3n de dar fuerza y coraje. Nos ayuda a enfrentarnos a situaciones dif\u00edciles. Tambi\u00e9n aumenta nuestro poder<\/p>\n","protected":false},"featured_media":18647,"comment_status":"open","ping_status":"closed","template":"","meta":[],"product_cat":[219,226],"product_tag":[],"class_list":{"0":"post-18645","1":"product","2":"type-product","3":"status-publish","4":"has-post-thumbnail","6":"product_cat-tallados","7":"product_cat-tamboreado","9":"first","10":"instock","11":"shipping-taxable","12":"purchasable","13":"product-type-simple"},"_links":{"self":[{"href":"https:\/\/pirkasshop.com\/index.php?rest_route=\/wp\/v2\/product\/18645","targetHints":{"allow":["GET"]}}],"collection":[{"href":"https:\/\/pirkasshop.com\/index.php?rest_route=\/wp\/v2\/product"}],"about":[{"href":"https:\/\/pirkasshop.com\/index.php?rest_route=\/wp\/v2\/types\/product"}],"replies":[{"embeddable":true,"href":"https:\/\/pirkasshop.com\/index.php?rest_route=%2Fwp%2Fv2%2Fcomments&post=18645"}],"version-history":[{"count":2,"href":"https:\/\/pirkasshop.com\/index.php?rest_route=\/wp\/v2\/product\/18645\/revisions"}],"predecessor-version":[{"id":18649,"href":"https:\/\/pirkasshop.com\/index.php?rest_route=\/wp\/v2\/product\/18645\/revisions\/18649"}],"wp:featuredmedia":[{"embeddable":true,"href":"https:\/\/pirkasshop.com\/index.php?rest_route=\/wp\/v2\/media\/18647"}],"wp:attachment":[{"href":"https:\/\/pirkasshop.com\/index.php?rest_route=%2Fwp%2Fv2%2Fmedia&parent=18645"}],"wp:term":[{"taxonomy":"product_cat","embeddable":true,"href":"https:\/\/pirkasshop.com\/index.php?rest_route=%2Fwp%2Fv2%2Fproduct_cat&post=18645"},{"taxonomy":"product_tag","embeddable":true,"href":"https:\/\/pirkasshop.com\/index.php?rest_route=%2Fwp%2Fv2%2Fproduct_tag&post=18645"}],"curies":[{"name":"wp","href":"https:\/\/api.w.org\/{rel}","templated":true}]}}